{"id":9389,"date":"2024-10-04T14:12:35","date_gmt":"2024-10-04T14:12:35","guid":{"rendered":"https:\/\/bestschoolsinspain.com\/estudiar-vivir-en-espana\/"},"modified":"2024-10-21T14:53:23","modified_gmt":"2024-10-21T14:53:23","slug":"estudiar-vivir-en-espana","status":"publish","type":"page","link":"https:\/\/bestschoolsinspain.com\/en\/estudiar-vivir-en-espana\/","title":{"rendered":"Complete guide to living in Spain: transportation, safety and more"},"content":{"rendered":"\t\t<div data-elementor-type=\"wp-page\" data-elementor-id=\"9389\" class=\"elementor elementor-9389 elementor-9326\" data-elementor-post-type=\"page\">\n\t\t\t\t\t\t<section class=\"elementor-section elementor-top-section elementor-element elementor-element-a9b5ec2 elementor-section-height-min-height elementor-section-boxed elementor-section-height-default elementor-section-items-middle\" data-id=\"a9b5ec2\" data-element_type=\"section\" data-e-type=\"section\" data-settings=\"{&quot;background_background&quot;:&quot;classic&quot;}\">\n\t\t\t\t\t\t\t<div class=\"elementor-background-overlay\"><\/div>\n\t\t\t\t\t\t\t<div class=\"elementor-container elementor-column-gap-default\">\n\t\t\t\t\t<div class=\"elementor-column elementor-col-50 elementor-top-column elementor-element elementor-element-5cdb320\" data-id=\"5cdb320\" data-element_type=\"column\" data-e-type=\"column\">\n\t\t\t<div class=\"elementor-widget-wrap\">\n\t\t\t\t\t\t\t<\/div>\n\t\t<\/div>\n\t\t\t\t<div class=\"elementor-column elementor-col-50 elementor-top-column elementor-element elementor-element-fca7601\" data-id=\"fca7601\" data-element_type=\"column\" data-e-type=\"column\">\n\t\t\t<div class=\"elementor-widget-wrap\">\n\t\t\t\t\t\t\t<\/div>\n\t\t<\/div>\n\t\t\t\t\t<\/div>\n\t\t<\/section>\n\t\t\t\t<section class=\"elementor-section elementor-top-section elementor-element elementor-element-c946df1 elementor-section-height-min-height elementor-section-items-stretch elementor-section-content-middle elementor-section-boxed elementor-section-height-default\" data-id=\"c946df1\" data-element_type=\"section\" data-e-type=\"section\">\n\t\t\t\t\t\t<div class=\"elementor-container elementor-column-gap-default\">\n\t\t\t\t\t<div class=\"elementor-column elementor-col-50 elementor-top-column elementor-element elementor-element-103faac\" data-id=\"103faac\" data-element_type=\"column\" data-e-type=\"column\" data-settings=\"{&quot;background_background&quot;:&quot;classic&quot;}\">\n\t\t\t<div class=\"elementor-widget-wrap elementor-element-populated\">\n\t\t\t\t\t\t<div class=\"elementor-element elementor-element-e634f43 elementor-widget elementor-widget-heading\" data-id=\"e634f43\" data-element_type=\"widget\" data-e-type=\"widget\" data-widget_type=\"heading.default\">\n\t\t\t\t<div class=\"elementor-widget-container\">\n\t\t\t\t\t<h1 class=\"elementor-heading-title elementor-size-default\">7 things you should know if your children are going to study and live in Spain<\/h1>\t\t\t\t<\/div>\n\t\t\t\t<\/div>\n\t\t\t\t<div class=\"elementor-element elementor-element-25b0765 elementor-widget elementor-widget-text-editor\" data-id=\"25b0765\" data-element_type=\"widget\" data-e-type=\"widget\" data-widget_type=\"text-editor.default\">\n\t\t\t\t<div class=\"elementor-widget-container\">\n\t\t\t\t\t\t\t\t\t<p>Find out what it&#8217;s like to live in Spain as an international student: tips, the most expensive and cheapest cities, Spanish phrases you should know and more<\/p>\n\t\t\t\t\t\t\t\t<\/div>\n\t\t\t\t<\/div>\n\t\t\t\t\t<\/div>\n\t\t<\/div>\n\t\t\t\t<div class=\"elementor-column elementor-col-50 elementor-top-column elementor-element elementor-element-ba7662f\" data-id=\"ba7662f\" data-element_type=\"column\" data-e-type=\"column\">\n\t\t\t<div class=\"elementor-widget-wrap\">\n\t\t\t\t\t\t\t<\/div>\n\t\t<\/div>\n\t\t\t\t\t<\/div>\n\t\t<\/section>\n\t\t<div class=\"elementor-element elementor-element-76f4ff8 e-flex e-con-boxed e-con e-parent\" data-id=\"76f4ff8\" data-element_type=\"container\" data-e-type=\"container\">\n\t\t\t\t\t<div class=\"e-con-inner\">\n\t\t<div class=\"elementor-element elementor-element-d61662f e-con-full e-flex e-con e-child\" data-id=\"d61662f\" data-element_type=\"container\" data-e-type=\"container\">\n\t\t\t\t<div class=\"elementor-element elementor-element-cc0ca2a elementor-widget elementor-widget-image\" data-id=\"cc0ca2a\" data-element_type=\"widget\" data-e-type=\"widget\" data-widget_type=\"image.default\">\n\t\t\t\t<div class=\"elementor-widget-container\">\n\t\t\t\t\t\t\t\t\t\t\t\t\t\t\t<img decoding=\"async\" width=\"1024\" height=\"678\" src=\"https:\/\/bestschoolsinspain.com\/wp-content\/uploads\/2024\/10\/estudia-1024x678.jpg\" class=\"attachment-large size-large wp-image-9330\" alt=\"Vivir en Espa\u00f1a\" srcset=\"https:\/\/bestschoolsinspain.com\/wp-content\/uploads\/2024\/10\/estudia-1024x678.jpg 1024w, https:\/\/bestschoolsinspain.com\/wp-content\/uploads\/2024\/10\/estudia-300x199.jpg 300w, https:\/\/bestschoolsinspain.com\/wp-content\/uploads\/2024\/10\/estudia-768x509.jpg 768w, https:\/\/bestschoolsinspain.com\/wp-content\/uploads\/2024\/10\/estudia.jpg 1366w\" sizes=\"(max-width: 1024px) 100vw, 1024px\" title=\"\">\t\t\t\t\t\t\t\t\t\t\t\t\t\t\t<\/div>\n\t\t\t\t<\/div>\n\t\t\t\t<div class=\"elementor-element elementor-element-599ad81 elementor-widget elementor-widget-text-editor\" data-id=\"599ad81\" data-element_type=\"widget\" data-e-type=\"widget\" data-widget_type=\"text-editor.default\">\n\t\t\t\t<div class=\"elementor-widget-container\">\n\t\t\t\t\t\t\t\t\t<p><strong>Living in Spain<\/strong> is one of the most common wishes of parents who dream of their children moving and studying here. And from its vibrant culture to its excellent quality of life, Spain offers an ideal environment to study and enjoy at the same time. That&#8217;s why, in this essential guide from <a href=\"https:\/\/bestschoolsinspain.com\/en\">BSS <\/a>, we offer you practical information about daily life in the country, including the use of public transport, safety tips, the tourist sites you can&#8217;t miss, and the most expensive and cheapest cities to live in.  <\/p>\n<p>We also share with you some <strong>useful phrases in Spanish <\/strong>that will help you communicate better in your daily life.<\/p><p><br><\/p>\n<p><\/p>\n<h2>1. Public transport in Spain: everything you need to know<\/h2>\n<p><strong>Public transport in Spain <\/strong>is efficient, affordable and easy to use, making it a great option for international students. Major cities such as Madrid, Barcelona and Valencia have metro, bus and tram networks that allow you to get around quickly. <\/p><p><br><\/p>\n<p><\/p>\n<h2>2. Transport cards<\/h2>\n<p>Most cities offer transport cards for students, families, people under 30, etc., which allow unlimited use of the metro, bus and other services for a reduced monthly price.<\/p><p><br><\/p>\n<p><\/p>\n<h2>3. Trains<\/h2>\n<p>Spain has an extensive rail network, including high-speed trains (AVE), which connect the main cities in a short time. It is an excellent option for travelling and <strong>exploring the country with the family.<\/strong> <\/p>\n<p><strong>&nbsp;<\/strong><\/p>\n<h2>4. Safety in Spain: basic tips<\/h2>\n<p>Spain is one of the <strong>safest countries in Europe,<\/strong> but as anywhere, it is important to be vigilant and take basic precautions to avoid problems.<\/p>\n<p>Tourist areas and residential neighborhoods are generally very safe, although it is advisable to avoid walking alone at night in unfamiliar areas.<\/p>\n<p>On the other hand, keep your belongings close, especially in crowded areas such as train or subway stations. Choose safe transportation services and avoid displaying valuables in public. <\/p><p><br><\/p>\n<p><\/p>\n<h2>5. Tourist sites in Spain<\/h2>\n<p><\/p>\n<p><a href=\"https:\/\/bestschoolsinspain.com\/en\/living-in-spain\/\">One of the advantages<\/a> of<strong> living in Spain<\/strong> is the opportunity to explore its many tourist sites.<br><br><\/p>\t\t\t\t\t\t\t\t<\/div>\n\t\t\t\t<\/div>\n\t\t\t\t<div class=\"elementor-element elementor-element-54b1dab elementor-cta--layout-image-left elementor-cta--skin-classic elementor-animated-content elementor-bg-transform elementor-bg-transform-zoom-in elementor-widget elementor-widget-call-to-action\" data-id=\"54b1dab\" data-element_type=\"widget\" data-e-type=\"widget\" data-widget_type=\"call-to-action.default\">\n\t\t\t\t<div class=\"elementor-widget-container\">\n\t\t\t\t\t\t\t<div class=\"elementor-cta\">\n\t\t\t\t\t<div class=\"elementor-cta__bg-wrapper\">\n\t\t\t\t<div class=\"elementor-cta__bg elementor-bg\" style=\"background-image: url(https:\/\/bestschoolsinspain.com\/wp-content\/uploads\/2024\/10\/secretos-y-misterios-de-la-alhambra-de-granada-1024x579.jpg);\" role=\"img\" aria-label=\"alhambra de granada | Estudiar y Vivir en Espa\u00f1a: 7 cosas que debes saber | best schools in spain\"><\/div>\n\t\t\t\t<div class=\"elementor-cta__bg-overlay\"><\/div>\n\t\t\t<\/div>\n\t\t\t\t\t\t\t<div class=\"elementor-cta__content\">\n\t\t\t\t\n\t\t\t\t\t\t\t\t\t<h3 class=\"elementor-cta__title elementor-cta__content-item elementor-content-item\">\n\t\t\t\t\t\tThe Alhambra in Granada\t\t\t\t\t<\/h3>\n\t\t\t\t\n\t\t\t\t\t\t\t\t\t<div class=\"elementor-cta__description elementor-cta__content-item elementor-content-item\">\n\t\t\t\t\t\t<p>This impressive palace and fortress is one of the <strong>most visited destinations in Spain <\/strong>. The mix of Islamic and Renaissance architecture is simply spectacular. <\/p>\n\t\t\t\t\t<\/div>\n\t\t\t\t\n\t\t\t\t\t\t\t<\/div>\n\t\t\t\t\t\t<\/div>\n\t\t\t\t\t\t<\/div>\n\t\t\t\t<\/div>\n\t\t\t\t<div class=\"elementor-element elementor-element-2e8bb2e elementor-cta--layout-image-right elementor-cta--skin-classic elementor-animated-content elementor-bg-transform elementor-bg-transform-zoom-in elementor-widget elementor-widget-call-to-action\" data-id=\"2e8bb2e\" data-element_type=\"widget\" data-e-type=\"widget\" data-widget_type=\"call-to-action.default\">\n\t\t\t\t<div class=\"elementor-widget-container\">\n\t\t\t\t\t\t\t<div class=\"elementor-cta\">\n\t\t\t\t\t<div class=\"elementor-cta__bg-wrapper\">\n\t\t\t\t<div class=\"elementor-cta__bg elementor-bg\" style=\"background-image: url(https:\/\/bestschoolsinspain.com\/wp-content\/uploads\/2024\/10\/sagrada-familia-1024x683.webp);\" role=\"img\" aria-label=\"sagrada familia en barcelona | Estudiar y Vivir en Espa\u00f1a: 7 cosas que debes saber | best schools in spain\"><\/div>\n\t\t\t\t<div class=\"elementor-cta__bg-overlay\"><\/div>\n\t\t\t<\/div>\n\t\t\t\t\t\t\t<div class=\"elementor-cta__content\">\n\t\t\t\t\n\t\t\t\t\t\t\t\t\t<h3 class=\"elementor-cta__title elementor-cta__content-item elementor-content-item\">\n\t\t\t\t\t\tThe Sagrada Familia in Barcelona\t\t\t\t\t<\/h3>\n\t\t\t\t\n\t\t\t\t\t\t\t\t\t<div class=\"elementor-cta__description elementor-cta__content-item elementor-content-item\">\n\t\t\t\t\t\t<p>Antoni Gaud\u00ed's unfinished masterpiece is an icon of modernist architecture and a must-see.<\/p>\n\t\t\t\t\t<\/div>\n\t\t\t\t\n\t\t\t\t\t\t\t<\/div>\n\t\t\t\t\t\t<\/div>\n\t\t\t\t\t\t<\/div>\n\t\t\t\t<\/div>\n\t\t\t\t<div class=\"elementor-element elementor-element-89e0e91 elementor-cta--layout-image-left elementor-cta--skin-classic elementor-animated-content elementor-bg-transform elementor-bg-transform-zoom-in elementor-widget elementor-widget-call-to-action\" data-id=\"89e0e91\" data-element_type=\"widget\" data-e-type=\"widget\" data-widget_type=\"call-to-action.default\">\n\t\t\t\t<div class=\"elementor-widget-container\">\n\t\t\t\t\t\t\t<div class=\"elementor-cta\">\n\t\t\t\t\t<div class=\"elementor-cta__bg-wrapper\">\n\t\t\t\t<div class=\"elementor-cta__bg elementor-bg\" style=\"background-image: url(https:\/\/bestschoolsinspain.com\/wp-content\/uploads\/2024\/10\/Museo-del-Prado_Madrid-1024x1024.jpg);\" role=\"img\" aria-label=\"logo Colegio Internacional Torrequebrada | best schools in spain\"><\/div>\n\t\t\t\t<div class=\"elementor-cta__bg-overlay\"><\/div>\n\t\t\t<\/div>\n\t\t\t\t\t\t\t<div class=\"elementor-cta__content\">\n\t\t\t\t\n\t\t\t\t\t\t\t\t\t<h3 class=\"elementor-cta__title elementor-cta__content-item elementor-content-item\">\n\t\t\t\t\t\tThe Prado Museum in Madrid\t\t\t\t\t<\/h3>\n\t\t\t\t\n\t\t\t\t\t\t\t\t\t<div class=\"elementor-cta__description elementor-cta__content-item elementor-content-item\">\n\t\t\t\t\t\t<p>Home to one of the most important art collections in the world, the Prado is a must-see for art lovers.<\/p>\n\t\t\t\t\t<\/div>\n\t\t\t\t\n\t\t\t\t\t\t\t<\/div>\n\t\t\t\t\t\t<\/div>\n\t\t\t\t\t\t<\/div>\n\t\t\t\t<\/div>\n\t\t\t\t<div class=\"elementor-element elementor-element-3c41b32 elementor-widget__width-initial elementor-widget elementor-widget-text-editor\" data-id=\"3c41b32\" data-element_type=\"widget\" data-e-type=\"widget\" data-widget_type=\"text-editor.default\">\n\t\t\t\t<div class=\"elementor-widget-container\">\n\t\t\t\t\t\t\t\t\t<h2>6. Most expensive and cheapest cities to live in Spain<\/h2>\n<\/p>\n<p>The <strong>cost of living in Spain <\/strong>varies significantly <a href=\"https:\/\/bestschoolsinspain.com\/en\/the-festivals-by-autonomous-community-that-you-cant-miss\/\">depending on the city<\/a> you live in.<\/p>\n<\/p>\n<h3>Most expensive cities<\/h3>\n<\/p>\n<p>Madrid and Barcelona are the most expensive cities to<strong> live in Spain <\/strong>, due to their size, demand and wide cultural offering. Rent, food and entertainment are more expensive here than in other parts of the country. <\/p>\n<\/p>\n<h3>Cheapest cities<\/h3>\n<\/p>\n<p>Cities like Granada, Valencia and Seville offer a <strong>lower cost of living<\/strong>, with more affordable rents and an equally attractive lifestyle. These cities are popular with families moving with their children to <strong>find the best schools<\/strong>, especially for their <a href=\"https:\/\/bestschoolsinspain.com\/en\/flamenco-its-history-the-different-styles-and-where-you-can-experience-this-art-form-in-spain\/\">vibrant and accessible atmosphere .<\/a> <\/p>\n<\/p>\n<p>.<\/p>\n<h2>7. Useful phrases in Spanish<\/h2>\n<\/p>\n<p>Learning some<strong> useful phrases in Spanish<\/strong> will help you communicate and adapt better to <strong>life in Spain<\/strong>.<\/p>\n<\/p>\n<ul>\n<li>Hola, \u00bfc\u00f3mo est\u00e1s? \u2013 Hello, how are you? <\/li>\n<li>\u00bfCu\u00e1nto cuesta? \u2013 How much does it cost? <\/li>\n<li>\u00bfD\u00f3nde est\u00e1 la parada de autob\u00fas? \u2013 Where is the bus stop? <\/li>\n<li>Por favor y Gracias \u2013 Please and Thank you.<\/li>\n<li>No hablo espa\u00f1ol muy bien \u2013 I don\u2019t speak Spanish very well.<\/li>\n<\/ul>\n<p>These basic phrases will help you in everyday situations, from shopping to asking for directions.<\/p>\n<\/p>\n<p><strong>Living in Spain<\/strong> is an experience that goes beyond academics; it is an opportunity to immerse yourself in a rich culture, discover new cities and make lifelong friends. Remember that with a little preparation and an open attitude, your<strong> life in Spain<\/strong> will be as enriching as it is unforgettable. And if you need anything else about your children&#8217;s school, <a href=\"https:\/\/bestschoolsinspain.com\/en\/contact\/\">don&#8217;t hesitate to contact<\/a> Best Schools in Spain!  <\/p>\n\t\t\t\t\t\t\t\t<\/div>\n\t\t\t\t<\/div>\n\t\t\t\t<\/div>\n\t\t<div class=\"elementor-element elementor-element-db6055a e-con-full e-flex e-con e-child\" data-id=\"db6055a\" data-element_type=\"container\" data-e-type=\"container\">\n\t\t\t\t<div class=\"elementor-element elementor-element-0812c66 elementor-toc--minimized-on-tablet elementor-widget elementor-widget-table-of-contents\" data-id=\"0812c66\" data-element_type=\"widget\" data-e-type=\"widget\" data-settings=\"{&quot;exclude_headings_by_selector&quot;:&quot;.ignore-toc&quot;,&quot;sticky&quot;:&quot;top&quot;,&quot;sticky_parent&quot;:&quot;yes&quot;,&quot;sticky_offset&quot;:80,&quot;headings_by_tags&quot;:[&quot;h2&quot;,&quot;h3&quot;,&quot;h4&quot;,&quot;h5&quot;,&quot;h6&quot;],&quot;marker_view&quot;:&quot;numbers&quot;,&quot;no_headings_message&quot;:&quot;No headings were found on this page.&quot;,&quot;minimize_box&quot;:&quot;yes&quot;,&quot;minimized_on&quot;:&quot;tablet&quot;,&quot;hierarchical_view&quot;:&quot;yes&quot;,&quot;min_height&quot;:{&quot;unit&quot;:&quot;px&quot;,&quot;size&quot;:&quot;&quot;,&quot;sizes&quot;:[]},&quot;min_height_tablet&quot;:{&quot;unit&quot;:&quot;px&quot;,&quot;size&quot;:&quot;&quot;,&quot;sizes&quot;:[]},&quot;min_height_mobile&quot;:{&quot;unit&quot;:&quot;px&quot;,&quot;size&quot;:&quot;&quot;,&quot;sizes&quot;:[]},&quot;sticky_on&quot;:[&quot;desktop&quot;,&quot;tablet&quot;,&quot;mobile&quot;],&quot;sticky_effects_offset&quot;:0,&quot;sticky_anchor_link_offset&quot;:0}\" data-widget_type=\"table-of-contents.default\">\n\t\t\t\t<div class=\"elementor-widget-container\">\n\t\t\t\t\t\t\t\t\t<div class=\"elementor-toc__header\">\n\t\t\t\t\t\t<div class=\"elementor-toc__header-title\">\n\t\t\t\tTable of Contents\t\t\t<\/div>\n\t\t\t\t\t\t\t\t\t\t<div class=\"elementor-toc__toggle-button elementor-toc__toggle-button--expand\" role=\"button\" tabindex=\"0\" aria-controls=\"elementor-toc__0812c66\" aria-expanded=\"true\" aria-label=\"Open table of contents\"><i aria-hidden=\"true\" class=\"fas fa-chevron-down\"><\/i><\/div>\n\t\t\t\t<div class=\"elementor-toc__toggle-button elementor-toc__toggle-button--collapse\" role=\"button\" tabindex=\"0\" aria-controls=\"elementor-toc__0812c66\" aria-expanded=\"true\" aria-label=\"Close table of contents\"><i aria-hidden=\"true\" class=\"fas fa-chevron-up\"><\/i><\/div>\n\t\t\t\t\t<\/div>\n\t\t\t\t<div id=\"elementor-toc__0812c66\" class=\"elementor-toc__body\">\n\t\t\t<div class=\"elementor-toc__spinner-container\">\n\t\t\t\t<i class=\"elementor-toc__spinner eicon-animation-spin eicon-loading\" aria-hidden=\"true\"><\/i>\t\t\t<\/div>\n\t\t<\/div>\n\t\t\t\t\t\t<\/div>\n\t\t\t\t<\/div>\n\t\t\t\t<\/div>\n\t\t\t\t\t<\/div>\n\t\t\t\t<\/div>\n\t\t\t\t<\/div>\n\t\t","protected":false},"excerpt":{"rendered":"<p>7 things you should know if your children are going to study and live in Spain Find out what it&#8217;s like to live in Spain as an international student: tips, the most expensive and cheapest cities, Spanish phrases you should know and more Living in Spain is one of the most common wishes of parents [&hellip;]<\/p>\n","protected":false},"author":1,"featured_media":0,"parent":0,"menu_order":0,"comment_status":"closed","ping_status":"closed","template":"","meta":{"site-sidebar-layout":"no-sidebar","site-content-layout":"page-builder","ast-site-content-layout":"full-width-container","site-content-style":"default","site-sidebar-style":"default","ast-global-header-display":"","ast-banner-title-visibility":"","ast-main-header-display":"","ast-hfb-above-header-display":"","ast-hfb-below-header-display":"","ast-hfb-mobile-header-display":"","site-post-title":"disabled","ast-breadcrumbs-content":"","ast-featured-img":"disabled","footer-sml-layout":"","theme-transparent-header-meta":"","adv-header-id-meta":"","stick-header-meta":"","header-above-stick-meta":"","header-main-stick-meta":"","header-below-stick-meta":"","astra-migrate-meta-layouts":"default","ast-page-background-enabled":"default","ast-page-background-meta":{"desktop":{"background-color":"var(--ast-global-color-4)","background-image":"","background-repeat":"repeat","background-position":"center center","background-size":"auto","background-attachment":"scroll","background-type":"","background-media":"","overlay-type":"","overlay-color":"","overlay-opacity":"","overlay-gradient":""},"tablet":{"background-color":"","background-image":"","background-repeat":"repeat","background-position":"center center","background-size":"auto","background-attachment":"scroll","background-type":"","background-media":"","overlay-type":"","overlay-color":"","overlay-opacity":"","overlay-gradient":""},"mobile":{"background-color":"","background-image":"","background-repeat":"repeat","background-position":"center center","background-size":"auto","background-attachment":"scroll","background-type":"","background-media":"","overlay-type":"","overlay-color":"","overlay-opacity":"","overlay-gradient":""}},"ast-content-background-meta":{"desktop":{"background-color":"var(--ast-global-color-5)","background-image":"","background-repeat":"repeat","background-position":"center center","background-size":"auto","background-attachment":"scroll","background-type":"","background-media":"","overlay-type":"","overlay-color":"","overlay-opacity":"","overlay-gradient":""},"tablet":{"background-color":"var(--ast-global-color-5)","background-image":"","background-repeat":"repeat","background-position":"center center","background-size":"auto","background-attachment":"scroll","background-type":"","background-media":"","overlay-type":"","overlay-color":"","overlay-opacity":"","overlay-gradient":""},"mobile":{"background-color":"var(--ast-global-color-5)","background-image":"","background-repeat":"repeat","background-position":"center center","background-size":"auto","background-attachment":"scroll","background-type":"","background-media":"","overlay-type":"","overlay-color":"","overlay-opacity":"","overlay-gradient":""}},"footnotes":""},"vivir_en_espana":[],"provincia":[],"class_list":["post-9389","page","type-page","status-publish","hentry"],"acf":[],"_links":{"self":[{"href":"https:\/\/bestschoolsinspain.com\/en\/wp-json\/wp\/v2\/pages\/9389","targetHints":{"allow":["GET"]}}],"collection":[{"href":"https:\/\/bestschoolsinspain.com\/en\/wp-json\/wp\/v2\/pages"}],"about":[{"href":"https:\/\/bestschoolsinspain.com\/en\/wp-json\/wp\/v2\/types\/page"}],"author":[{"embeddable":true,"href":"https:\/\/bestschoolsinspain.com\/en\/wp-json\/wp\/v2\/users\/1"}],"replies":[{"embeddable":true,"href":"https:\/\/bestschoolsinspain.com\/en\/wp-json\/wp\/v2\/comments?post=9389"}],"version-history":[{"count":0,"href":"https:\/\/bestschoolsinspain.com\/en\/wp-json\/wp\/v2\/pages\/9389\/revisions"}],"wp:attachment":[{"href":"https:\/\/bestschoolsinspain.com\/en\/wp-json\/wp\/v2\/media?parent=9389"}],"wp:term":[{"taxonomy":"vivir_en_espana","embeddable":true,"href":"https:\/\/bestschoolsinspain.com\/en\/wp-json\/wp\/v2\/vivir_en_espana?post=9389"},{"taxonomy":"provincia","embeddable":true,"href":"https:\/\/bestschoolsinspain.com\/en\/wp-json\/wp\/v2\/provincia?post=9389"}],"curies":[{"name":"wp","href":"https:\/\/api.w.org\/{rel}","templated":true}]}}